{"id":5444,"date":"2021-12-30T10:54:48","date_gmt":"2021-12-30T10:54:48","guid":{"rendered":"https:\/\/peruallexplorer.com\/activities-2\/"},"modified":"2025-12-28T23:22:55","modified_gmt":"2025-12-28T23:22:55","slug":"activities-2","status":"publish","type":"page","link":"https:\/\/peruallexplorer.com\/en\/activities-2\/","title":{"rendered":"ACTIVIDADES"},"content":{"rendered":"<p>Vive experiencias inolvidables con nuestras actividades en Cusco y el Per\u00fa. Desde caminatas por paisajes impresionantes, visitas culturales, aventuras de trekking y tours a Machu Picchu, cada actividad est\u00e1 dise\u00f1ada para conectar con tu esp\u00edritu viajero y crear recuerdos \u00fanicos<\/p>","protected":false},"excerpt":{"rendered":"<p>Vive experiencias inolvidables con nuestras actividades en Cusco y el Per\u00fa. Desde caminatas por paisajes impresionantes, visitas culturales, aventuras de trekking y tours a Machu Picchu, cada actividad est\u00e1 dise\u00f1ada para conectar con tu esp\u00edritu viajero y crear recuerdos \u00fanicos<\/p>","protected":false},"author":1,"featured_media":5624,"parent":0,"menu_order":0,"comment_status":"closed","ping_status":"closed","template":"templates\/template-activities.php","meta":{"footnotes":""},"class_list":["post-5444","page","type-page","status-publish","has-post-thumbnail","hentry","travel-monster-post","latest_post"],"_hostinger_reach_plugin_has_subscription_block":false,"_hostinger_reach_plugin_is_elementor":false,"_links":{"self":[{"href":"https:\/\/peruallexplorer.com\/en\/wp-json\/wp\/v2\/pages\/5444","targetHints":{"allow":["GET"]}}],"collection":[{"href":"https:\/\/peruallexplorer.com\/en\/wp-json\/wp\/v2\/pages"}],"about":[{"href":"https:\/\/peruallexplorer.com\/en\/wp-json\/wp\/v2\/types\/page"}],"author":[{"embeddable":true,"href":"https:\/\/peruallexplorer.com\/en\/wp-json\/wp\/v2\/users\/1"}],"replies":[{"embeddable":true,"href":"https:\/\/peruallexplorer.com\/en\/wp-json\/wp\/v2\/comments?post=5444"}],"version-history":[{"count":1,"href":"https:\/\/peruallexplorer.com\/en\/wp-json\/wp\/v2\/pages\/5444\/revisions"}],"predecessor-version":[{"id":5635,"href":"https:\/\/peruallexplorer.com\/en\/wp-json\/wp\/v2\/pages\/5444\/revisions\/5635"}],"wp:featuredmedia":[{"embeddable":true,"href":"https:\/\/peruallexplorer.com\/en\/wp-json\/wp\/v2\/media\/5624"}],"wp:attachment":[{"href":"https:\/\/peruallexplorer.com\/en\/wp-json\/wp\/v2\/media?parent=5444"}],"curies":[{"name":"wp","href":"https:\/\/api.w.org\/{rel}","templated":true}]}}