{"id":5443,"date":"2021-12-30T10:54:48","date_gmt":"2021-12-30T10:54:48","guid":{"rendered":"https:\/\/peruallexplorer.com\/destination-2\/"},"modified":"2025-12-28T23:19:31","modified_gmt":"2025-12-28T23:19:31","slug":"destination-2","status":"publish","type":"page","link":"https:\/\/peruallexplorer.com\/en\/destination-2\/","title":{"rendered":"DESTINOS"},"content":{"rendered":"<p>Explora los destinos m\u00e1s impresionantes de Cusco y el Per\u00fa con Peru All Explorer. Desde la majestuosidad de Machu Picchu y el Valle Sagrado hasta rutas de trekking, lagunas sagradas y aventuras en la naturaleza, nuestros tours est\u00e1n dise\u00f1ados para que cada viajero viva experiencias \u00fanicas, aut\u00e9nticas y memorables. Descubre la historia, la cultura y los paisajes que hacen de cada destino una aventura inolvidable.<\/p>","protected":false},"excerpt":{"rendered":"<p>Explora los destinos m\u00e1s impresionantes de Cusco y el Per\u00fa con Peru All Explorer. Desde la majestuosidad de Machu Picchu y el Valle Sagrado hasta rutas de trekking, lagunas sagradas y aventuras en la naturaleza, nuestros tours est\u00e1n dise\u00f1ados para [&hellip;]<\/p>\n","protected":false},"author":1,"featured_media":3849,"parent":0,"menu_order":0,"comment_status":"closed","ping_status":"closed","template":"templates\/template-destination.php","meta":{"footnotes":""},"class_list":["post-5443","page","type-page","status-publish","has-post-thumbnail","hentry","travel-monster-post","latest_post"],"_hostinger_reach_plugin_has_subscription_block":false,"_hostinger_reach_plugin_is_elementor":false,"_links":{"self":[{"href":"https:\/\/peruallexplorer.com\/en\/wp-json\/wp\/v2\/pages\/5443","targetHints":{"allow":["GET"]}}],"collection":[{"href":"https:\/\/peruallexplorer.com\/en\/wp-json\/wp\/v2\/pages"}],"about":[{"href":"https:\/\/peruallexplorer.com\/en\/wp-json\/wp\/v2\/types\/page"}],"author":[{"embeddable":true,"href":"https:\/\/peruallexplorer.com\/en\/wp-json\/wp\/v2\/users\/1"}],"replies":[{"embeddable":true,"href":"https:\/\/peruallexplorer.com\/en\/wp-json\/wp\/v2\/comments?post=5443"}],"version-history":[{"count":1,"href":"https:\/\/peruallexplorer.com\/en\/wp-json\/wp\/v2\/pages\/5443\/revisions"}],"predecessor-version":[{"id":5632,"href":"https:\/\/peruallexplorer.com\/en\/wp-json\/wp\/v2\/pages\/5443\/revisions\/5632"}],"wp:featuredmedia":[{"embeddable":true,"href":"https:\/\/peruallexplorer.com\/en\/wp-json\/wp\/v2\/media\/3849"}],"wp:attachment":[{"href":"https:\/\/peruallexplorer.com\/en\/wp-json\/wp\/v2\/media?parent=5443"}],"curies":[{"name":"wp","href":"https:\/\/api.w.org\/{rel}","templated":true}]}}