{"id":5442,"date":"2021-12-30T10:54:48","date_gmt":"2021-12-30T10:54:48","guid":{"rendered":"https:\/\/peruallexplorer.com\/trip-types-2\/"},"modified":"2025-12-29T00:16:30","modified_gmt":"2025-12-29T00:16:30","slug":"trip-types-2","status":"publish","type":"page","link":"https:\/\/peruallexplorer.com\/en\/trip-types-2\/","title":{"rendered":"Descubre Machu Picchu"},"content":{"rendered":"<p>Explora la majestuosidad de Machu Picchu, la ciudadela inca m\u00e1s emblem\u00e1tica del Per\u00fa. Sum\u00e9rgete en la historia, la cultura y la arquitectura de esta maravilla del mundo mientras disfrutas de paisajes impresionantes y experiencias \u00fanicas. Cada visita est\u00e1 dise\u00f1ada para que vivas un viaje inolvidable, conectando con la magia y el misterio de los Andes peruanos.<\/p>","protected":false},"excerpt":{"rendered":"<p>Explora la majestuosidad de Machu Picchu, la ciudadela inca m\u00e1s emblem\u00e1tica del Per\u00fa. Sum\u00e9rgete en la historia, la cultura y la arquitectura de esta maravilla del mundo mientras disfrutas de paisajes impresionantes y experiencias \u00fanicas. Cada visita est\u00e1 dise\u00f1ada para [&hellip;]<\/p>\n","protected":false},"author":1,"featured_media":5624,"parent":0,"menu_order":0,"comment_status":"closed","ping_status":"closed","template":"templates\/template-trip_types.php","meta":{"footnotes":""},"class_list":["post-5442","page","type-page","status-publish","has-post-thumbnail","hentry","travel-monster-post","latest_post"],"_hostinger_reach_plugin_has_subscription_block":false,"_hostinger_reach_plugin_is_elementor":false,"_links":{"self":[{"href":"https:\/\/peruallexplorer.com\/en\/wp-json\/wp\/v2\/pages\/5442","targetHints":{"allow":["GET"]}}],"collection":[{"href":"https:\/\/peruallexplorer.com\/en\/wp-json\/wp\/v2\/pages"}],"about":[{"href":"https:\/\/peruallexplorer.com\/en\/wp-json\/wp\/v2\/types\/page"}],"author":[{"embeddable":true,"href":"https:\/\/peruallexplorer.com\/en\/wp-json\/wp\/v2\/users\/1"}],"replies":[{"embeddable":true,"href":"https:\/\/peruallexplorer.com\/en\/wp-json\/wp\/v2\/comments?post=5442"}],"version-history":[{"count":1,"href":"https:\/\/peruallexplorer.com\/en\/wp-json\/wp\/v2\/pages\/5442\/revisions"}],"predecessor-version":[{"id":5665,"href":"https:\/\/peruallexplorer.com\/en\/wp-json\/wp\/v2\/pages\/5442\/revisions\/5665"}],"wp:featuredmedia":[{"embeddable":true,"href":"https:\/\/peruallexplorer.com\/en\/wp-json\/wp\/v2\/media\/5624"}],"wp:attachment":[{"href":"https:\/\/peruallexplorer.com\/en\/wp-json\/wp\/v2\/media?parent=5442"}],"curies":[{"name":"wp","href":"https:\/\/api.w.org\/{rel}","templated":true}]}}